{"id":9,"date":"2012-10-25T17:32:15","date_gmt":"2012-10-26T00:32:15","guid":{"rendered":"http:\/\/www.robertoromagosa.com\/?page_id=9"},"modified":"2020-09-15T16:48:44","modified_gmt":"2020-09-15T23:48:44","slug":"about-us","status":"publish","type":"page","link":"https:\/\/www.robertoromagosa.com\/es\/about-us\/","title":{"rendered":"Qui\u00e9nes Somos"},"content":{"rendered":"<p><a href=\"http:\/\/www.robertoromagosa.com\/wp-content\/uploads\/2018\/09\/IMG_2715.jpg\"><img loading=\"lazy\" decoding=\"async\" data-attachment-id=\"349\" data-permalink=\"https:\/\/www.robertoromagosa.com\/es\/img_2715\/\" data-orig-file=\"https:\/\/www.robertoromagosa.com\/wp-content\/uploads\/2018\/09\/IMG_2715.jpg\" data-orig-size=\"1436,1076\" data-comments-opened=\"0\" data-image-meta=\"{&quot;aperture&quot;:&quot;0&quot;,&quot;credit&quot;:&quot;&quot;,&quot;camera&quot;:&quot;&quot;,&quot;caption&quot;:&quot;&quot;,&quot;created_timestamp&quot;:&quot;0&quot;,&quot;copyright&quot;:&quot;&quot;,&quot;focal_length&quot;:&quot;0&quot;,&quot;iso&quot;:&quot;0&quot;,&quot;shutter_speed&quot;:&quot;0&quot;,&quot;title&quot;:&quot;&quot;,&quot;orientation&quot;:&quot;1&quot;}\" data-image-title=\"IMG_2715\" data-image-description=\"\" data-image-caption=\"\" data-large-file=\"https:\/\/www.robertoromagosa.com\/wp-content\/uploads\/2018\/09\/IMG_2715-1024x767.jpg\" class=\"alignnone  wp-image-349\" src=\"http:\/\/www.robertoromagosa.com\/wp-content\/uploads\/2018\/09\/IMG_2715.jpg\" alt=\"\" width=\"574\" height=\"430\" srcset=\"https:\/\/www.robertoromagosa.com\/wp-content\/uploads\/2018\/09\/IMG_2715.jpg 1436w, https:\/\/www.robertoromagosa.com\/wp-content\/uploads\/2018\/09\/IMG_2715-300x225.jpg 300w, https:\/\/www.robertoromagosa.com\/wp-content\/uploads\/2018\/09\/IMG_2715-768x575.jpg 768w, https:\/\/www.robertoromagosa.com\/wp-content\/uploads\/2018\/09\/IMG_2715-1024x767.jpg 1024w\" sizes=\"auto, (max-width: 574px) 100vw, 574px\" \/><\/a><\/p>\n<p>Nuestro CEO, Roberto Romagosa, CPA, CVA, comenz\u00f3 su pr\u00e1ctica como contador en 1972, recibi\u00f3 su licencia de CPA en 1985 y su certificaci\u00f3n como Avaluador de Negocios en 1994. Tambi\u00e9n es un broker de transaciones inmobiliarias y de negocios desde 1979.<\/p>","protected":false},"excerpt":{"rendered":"<p>Nuestro CEO, Roberto Romagosa, CPA, CVA, comenz\u00f3 su pr\u00e1ctica como contador en 1972, recibi\u00f3 su licencia de CPA en 1985 y su certificaci\u00f3n como Avaluador de Negocios en 1994. Tambi\u00e9n es un broker de transaciones inmobiliarias y de negocios desde 1979.<\/p>\n","protected":false},"author":1,"featured_media":0,"parent":0,"menu_order":2,"comment_status":"closed","ping_status":"closed","template":"","meta":{"footnotes":""},"class_list":["post-9","page","type-page","status-publish","hentry"],"jetpack_sharing_enabled":true,"_links":{"self":[{"href":"https:\/\/www.robertoromagosa.com\/es\/wp-json\/wp\/v2\/pages\/9","targetHints":{"allow":["GET"]}}],"collection":[{"href":"https:\/\/www.robertoromagosa.com\/es\/wp-json\/wp\/v2\/pages"}],"about":[{"href":"https:\/\/www.robertoromagosa.com\/es\/wp-json\/wp\/v2\/types\/page"}],"author":[{"embeddable":true,"href":"https:\/\/www.robertoromagosa.com\/es\/wp-json\/wp\/v2\/users\/1"}],"replies":[{"embeddable":true,"href":"https:\/\/www.robertoromagosa.com\/es\/wp-json\/wp\/v2\/comments?post=9"}],"version-history":[{"count":11,"href":"https:\/\/www.robertoromagosa.com\/es\/wp-json\/wp\/v2\/pages\/9\/revisions"}],"predecessor-version":[{"id":397,"href":"https:\/\/www.robertoromagosa.com\/es\/wp-json\/wp\/v2\/pages\/9\/revisions\/397"}],"wp:attachment":[{"href":"https:\/\/www.robertoromagosa.com\/es\/wp-json\/wp\/v2\/media?parent=9"}],"curies":[{"name":"wp","href":"https:\/\/api.w.org\/{rel}","templated":true}]}}