{"id":37,"date":"2012-10-25T18:07:37","date_gmt":"2012-10-26T01:07:37","guid":{"rendered":"http:\/\/www.robertoromagosa.com\/?page_id=37"},"modified":"2012-11-30T10:34:20","modified_gmt":"2012-11-30T18:34:20","slug":"business-sales","status":"publish","type":"page","link":"https:\/\/www.robertoromagosa.com\/es\/services\/business-sales\/","title":{"rendered":"Venta de Negocios"},"content":{"rendered":"<p>Tener una licencia de bienes ra\u00edces le da al agente la posibilidad de vender un negocio legalmente, pero es \u00e9l el conocimiento suficiente para hacerlo?, NO.<\/p>\n<p>Hay grandes diferencias entre los bienes ra\u00edces y las empresas; estos \u00faltimos son propiedades personales que desempe\u00f1an papeles diferentes en muchos aspectos de la transacci\u00f3n, por lo que el agente debe ser educado y entrenado.<\/p>\n<p><strong>Al llegar al precio de venta de los distintos tipos de empresas<\/strong><\/p>\n<ul>\n<li>Asignaci\u00f3n<\/li>\n<li>Buena voluntad<\/li>\n<li>Activos Fijos<\/li>\n<\/ul>\n<p><strong>Operaciones de Negocios<\/strong><\/p>\n<ul>\n<li>Cliente Base<\/li>\n<li>Manejo<\/li>\n<li>Empleados<\/li>\n<\/ul>\n<p><strong>Financiaci\u00f3n<\/strong><\/p>\n<ul>\n<li>Vendedor<\/li>\n<li>Bancos<\/li>\n<li>SBA<\/li>\n<\/ul>\n<p>Como Tasador de Negocios, Roberto Romagosa podr\u00e1 valorar su negocio y lo venden a un precio superior, y como un corredor de bienes ra\u00edces, utilizar\u00e1 todas las fuentes disponibles en el mercado para una transacci\u00f3n r\u00e1pida y segura.<\/p>\n<p><strong>SI ES PROPIEDAD DE BIENES RA\u00cdCES, SE VENDE POR SEPARADO<\/strong><\/p>\n<p><strong><\/strong>Roberto Romagosa con su experiencia en los negocios y las ventas de bienes ra\u00edces, contabilidad, valoraciones en negocios, y los impuestos, le proporcionar\u00e1 el mejor servicio profesional en el mercado inmobiliario y de negocios.<\/p>","protected":false},"excerpt":{"rendered":"<p>Tener una licencia de bienes ra\u00edces le da al agente la posibilidad de vender un negocio legalmente, pero es \u00e9l el conocimiento suficiente para hacerlo?, NO. Hay grandes diferencias entre los bienes ra\u00edces y las empresas; estos \u00faltimos son propiedades personales que desempe\u00f1an papeles diferentes en muchos aspectos de la transacci\u00f3n, por lo que el [&hellip;]<\/p>\n","protected":false},"author":1,"featured_media":0,"parent":7,"menu_order":6,"comment_status":"closed","ping_status":"closed","template":"sidebar-page.php","meta":{"footnotes":""},"class_list":["post-37","page","type-page","status-publish","hentry"],"jetpack_sharing_enabled":true,"_links":{"self":[{"href":"https:\/\/www.robertoromagosa.com\/es\/wp-json\/wp\/v2\/pages\/37","targetHints":{"allow":["GET"]}}],"collection":[{"href":"https:\/\/www.robertoromagosa.com\/es\/wp-json\/wp\/v2\/pages"}],"about":[{"href":"https:\/\/www.robertoromagosa.com\/es\/wp-json\/wp\/v2\/types\/page"}],"author":[{"embeddable":true,"href":"https:\/\/www.robertoromagosa.com\/es\/wp-json\/wp\/v2\/users\/1"}],"replies":[{"embeddable":true,"href":"https:\/\/www.robertoromagosa.com\/es\/wp-json\/wp\/v2\/comments?post=37"}],"version-history":[{"count":12,"href":"https:\/\/www.robertoromagosa.com\/es\/wp-json\/wp\/v2\/pages\/37\/revisions"}],"predecessor-version":[{"id":212,"href":"https:\/\/www.robertoromagosa.com\/es\/wp-json\/wp\/v2\/pages\/37\/revisions\/212"}],"up":[{"embeddable":true,"href":"https:\/\/www.robertoromagosa.com\/es\/wp-json\/wp\/v2\/pages\/7"}],"wp:attachment":[{"href":"https:\/\/www.robertoromagosa.com\/es\/wp-json\/wp\/v2\/media?parent=37"}],"curies":[{"name":"wp","href":"https:\/\/api.w.org\/{rel}","templated":true}]}}