{"id":35,"date":"2012-10-25T18:06:54","date_gmt":"2012-10-26T01:06:54","guid":{"rendered":"http:\/\/www.robertoromagosa.com\/?page_id=35"},"modified":"2012-11-16T11:27:06","modified_gmt":"2012-11-16T19:27:06","slug":"real-estate-sales","status":"publish","type":"page","link":"https:\/\/www.robertoromagosa.com\/es\/services\/real-estate-sales\/","title":{"rendered":"Venta de Propiedades"},"content":{"rendered":"<p><\/p>\n<p>Sirviendo los condados de Los Angeles y Orange desde 1979<\/p>\n<ul>\n<li>Casas<\/li>\n<li>Apartmentos<\/li>\n<li>Comerciales<\/li>\n<\/ul>\n<p>Capitalizamos en nuestra combinaci\u00f3n \u00fanica de servicios para proveer los mejores resultados y alcanzar sus metas.<\/p>\n<p>Nuestra oficina, con m\u00e1s de 1000 clientes de preparaci\u00f3n de impuestos, de los cuales aproximadamente el 10% es due\u00f1o de propiedades, es una fuente excepcional para que tanto compradores como vendedores satisfagan sus necesidades.<\/p>\n<p>Nuestro equipo de agentes experimentados:<\/p>\n<p>1. Inspeccionar\u00e1 las propiedades<\/p>\n<p>2. Analizar\u00e1 el vecindario<\/p>\n<p>3. Estimar\u00e1 el Valor Justo de Mercado de la propiedad.<\/p>\n<p><strong>Consultor\u00eda de Impuestos<\/strong><\/p>\n<p>Como parte de nuestro servicio para ayudarle a lograr sus metas, le explicaremos c\u00f3mo un Intercambio de Impuesto Diferido 1031 puede ayudarle a ahorrar en impuestos, y le asistiremos paso a paso durante esta transacci\u00f3n si se aplica a su situaci\u00f3n. Tambi\u00e9n le mantendremos informado acerca de nuevos cr\u00e9ditos y otras leyes nuevas que pudieran afectarle.<\/p>\n<p><\/p>","protected":false},"excerpt":{"rendered":"<p>Sirviendo los condados de Los Angeles y Orange desde 1979 Casas Apartmentos Comerciales Capitalizamos en nuestra combinaci\u00f3n \u00fanica de servicios para proveer los mejores resultados y alcanzar sus metas. Nuestra oficina, con m\u00e1s de 1000 clientes de preparaci\u00f3n de impuestos, de los cuales aproximadamente el 10% es due\u00f1o de propiedades, es una fuente excepcional para [&hellip;]<\/p>\n","protected":false},"author":1,"featured_media":0,"parent":7,"menu_order":5,"comment_status":"closed","ping_status":"closed","template":"sidebar-page.php","meta":{"footnotes":""},"class_list":["post-35","page","type-page","status-publish","hentry"],"jetpack_sharing_enabled":true,"_links":{"self":[{"href":"https:\/\/www.robertoromagosa.com\/es\/wp-json\/wp\/v2\/pages\/35","targetHints":{"allow":["GET"]}}],"collection":[{"href":"https:\/\/www.robertoromagosa.com\/es\/wp-json\/wp\/v2\/pages"}],"about":[{"href":"https:\/\/www.robertoromagosa.com\/es\/wp-json\/wp\/v2\/types\/page"}],"author":[{"embeddable":true,"href":"https:\/\/www.robertoromagosa.com\/es\/wp-json\/wp\/v2\/users\/1"}],"replies":[{"embeddable":true,"href":"https:\/\/www.robertoromagosa.com\/es\/wp-json\/wp\/v2\/comments?post=35"}],"version-history":[{"count":7,"href":"https:\/\/www.robertoromagosa.com\/es\/wp-json\/wp\/v2\/pages\/35\/revisions"}],"predecessor-version":[{"id":63,"href":"https:\/\/www.robertoromagosa.com\/es\/wp-json\/wp\/v2\/pages\/35\/revisions\/63"}],"up":[{"embeddable":true,"href":"https:\/\/www.robertoromagosa.com\/es\/wp-json\/wp\/v2\/pages\/7"}],"wp:attachment":[{"href":"https:\/\/www.robertoromagosa.com\/es\/wp-json\/wp\/v2\/media?parent=35"}],"curies":[{"name":"wp","href":"https:\/\/api.w.org\/{rel}","templated":true}]}}