{"id":30,"date":"2012-10-25T18:05:03","date_gmt":"2012-10-26T01:05:03","guid":{"rendered":"http:\/\/www.robertoromagosa.com\/?page_id=30"},"modified":"2012-11-30T10:17:25","modified_gmt":"2012-11-30T18:17:25","slug":"1031-tax-deferred-exchange","status":"publish","type":"page","link":"https:\/\/www.robertoromagosa.com\/es\/services\/1031-tax-deferred-exchange\/","title":{"rendered":"1031 Intercambio con Impuestos Diferidos"},"content":{"rendered":"<p>Consultar antes de la venta:<\/p>\n<p><strong>\u00bfLa propiedad calificar?<\/strong><\/p>\n<ul>\n<li>\u00bfQu\u00e9 es Boot?<\/li>\n<\/ul>\n<p><strong>C\u00e1lculo de impuestos Basico<\/strong><\/p>\n<ul>\n<li>\u00bfHay alguna base imponible? \u00bfQu\u00e9 es Boot.<\/li>\n<li>En caso afirmativo, \u00bfCu\u00e1l es el impuesto adeudado?<\/li>\n<li>Hace es tener sentido econ\u00f3micamente, para continuar con la transacci\u00f3n?<\/li>\n<\/ul>\n<p><strong>Consultor\u00eda durante el intercambio<\/strong><\/p>\n<ul>\n<li>Revisi\u00f3n de las instrucciones de la plica originales.<\/li>\n<li>Enmiendas.<\/li>\n<\/ul>\n<p><strong>Consultor\u00eda Post-venta<\/strong><\/p>\n<ul>\n<li>Analizando las declaraciones de cierre de plica.<\/li>\n<li>Analizando las declaraciones de transferencia de efectivo.<\/li>\n<li>Revise las nuevas instrucciones de plica.<\/li>\n<li>Analizar adquisici\u00f3n Nueva propiedad.<\/li>\n<li>Tipo de propiedad.<\/li>\n<li>Porcentaje de propiedad.<\/li>\n<li>Identificaci\u00f3n del Per\u00edodo.<\/li>\n<\/ul>\n<p><\/p>","protected":false},"excerpt":{"rendered":"<p>Consultar antes de la venta: \u00bfLa propiedad calificar? \u00bfQu\u00e9 es Boot? C\u00e1lculo de impuestos Basico \u00bfHay alguna base imponible? \u00bfQu\u00e9 es Boot. En caso afirmativo, \u00bfCu\u00e1l es el impuesto adeudado? Hace es tener sentido econ\u00f3micamente, para continuar con la transacci\u00f3n? Consultor\u00eda durante el intercambio Revisi\u00f3n de las instrucciones de la plica originales. Enmiendas. Consultor\u00eda Post-venta [&hellip;]<\/p>\n","protected":false},"author":1,"featured_media":0,"parent":7,"menu_order":3,"comment_status":"closed","ping_status":"closed","template":"sidebar-page.php","meta":{"footnotes":""},"class_list":["post-30","page","type-page","status-publish","hentry"],"jetpack_sharing_enabled":true,"_links":{"self":[{"href":"https:\/\/www.robertoromagosa.com\/es\/wp-json\/wp\/v2\/pages\/30","targetHints":{"allow":["GET"]}}],"collection":[{"href":"https:\/\/www.robertoromagosa.com\/es\/wp-json\/wp\/v2\/pages"}],"about":[{"href":"https:\/\/www.robertoromagosa.com\/es\/wp-json\/wp\/v2\/types\/page"}],"author":[{"embeddable":true,"href":"https:\/\/www.robertoromagosa.com\/es\/wp-json\/wp\/v2\/users\/1"}],"replies":[{"embeddable":true,"href":"https:\/\/www.robertoromagosa.com\/es\/wp-json\/wp\/v2\/comments?post=30"}],"version-history":[{"count":9,"href":"https:\/\/www.robertoromagosa.com\/es\/wp-json\/wp\/v2\/pages\/30\/revisions"}],"predecessor-version":[{"id":58,"href":"https:\/\/www.robertoromagosa.com\/es\/wp-json\/wp\/v2\/pages\/30\/revisions\/58"}],"up":[{"embeddable":true,"href":"https:\/\/www.robertoromagosa.com\/es\/wp-json\/wp\/v2\/pages\/7"}],"wp:attachment":[{"href":"https:\/\/www.robertoromagosa.com\/es\/wp-json\/wp\/v2\/media?parent=30"}],"curies":[{"name":"wp","href":"https:\/\/api.w.org\/{rel}","templated":true}]}}