{"id":23,"date":"2012-10-25T18:00:53","date_gmt":"2012-10-26T01:00:53","guid":{"rendered":"http:\/\/www.robertoromagosa.com\/?page_id=23"},"modified":"2019-06-24T21:31:11","modified_gmt":"2019-06-25T04:31:11","slug":"accounting","status":"publish","type":"page","link":"https:\/\/www.robertoromagosa.com\/es\/services\/accounting\/","title":{"rendered":"Contabilidad"},"content":{"rendered":"<p>Mi firma ofrece una gama completa de servicios contables, que incluyen:<\/p>\n<ol>\n<li>Consulta con los due\u00f1os de negocios para analizar el desempe\u00f1o financiero de sus negocios.<\/li>\n<li>Trabajando con los contadores de negocios.<\/li>\n<li>Preparaci\u00f3n de estados financieros regulares.<\/li>\n<li>\u00a0Compromiso de Compilaci\u00f3n. Es un estado financiero m\u00e1s complejo. Es solicitado muchas veces por los bancos y otras instituciones financieras.<\/li>\n<li>Compromiso de Revisi\u00f3n. El informe de revisi\u00f3n es m\u00e1s complejo que el informe de compilaci\u00f3n. Es el tercer nivel m\u00e1s alto de estados financieros, justo debajo de la auditor\u00eda.<\/li>\n<\/ol>\n<p>En un compromiso de revisi\u00f3n, el contador debe:<\/p>\n<ol>\n<li>\u00a0Entender la industria.<\/li>\n<li>Obtener conocimiento de la entidad.<\/li>\n<li>Dise\u00f1ar y realizar procedimientos de revisi\u00f3n, incluyendo consultas y procedimientos anal\u00edticos.<\/li>\n<li>El contador debe ser independiente.<br \/>\nMuchas empresas deben presentar informes de Revisi\u00f3n al estado de California para fines de licencias, como escuelas (manejo de camiones, computadoras, cosmetolog\u00eda), entre otras.<\/li>\n<\/ol>\n<p><strong>Asistencia en Prestamos de Negocios<\/strong><\/p>\n<p><strong>Soporte en QuickBooks<\/strong><\/p>\n<p>Amplia experiencia en contabilidad y conocimientos, aseg\u00farese de que sus operaciones comerciales se presentar\u00e1 en la mejor forma posible, para que usted pueda entender con precisi\u00f3n.<\/p>\n<p>Nuestro objetivo m\u00e1s importante es ayudarle a hacer su negocio rentable. Vamos a ofrecer todo tipo de an\u00e1lisis y cualquier otro tipo de asistencia financiera necesaria.<\/p>\n<p>Vamos a trabajar con su banco para ayudarle a obtener un pr\u00e9stamo para su negocio.<\/p>\n<p>Vamos a analizar su situaci\u00f3n fiscal y recomendar las herramientas necesarias para ayudarle a ahorrar los d\u00f3lares m\u00e1s impuestos.<\/p>","protected":false},"excerpt":{"rendered":"<p>Mi firma ofrece una gama completa de servicios contables, que incluyen: Consulta con los due\u00f1os de negocios para analizar el desempe\u00f1o financiero de sus negocios. Trabajando con los contadores de negocios. Preparaci\u00f3n de estados financieros regulares. \u00a0Compromiso de Compilaci\u00f3n. Es un estado financiero m\u00e1s complejo. Es solicitado muchas veces por los bancos y otras instituciones [&hellip;]<\/p>\n","protected":false},"author":1,"featured_media":0,"parent":7,"menu_order":0,"comment_status":"closed","ping_status":"closed","template":"","meta":{"footnotes":""},"class_list":["post-23","page","type-page","status-publish","hentry"],"jetpack_sharing_enabled":true,"_links":{"self":[{"href":"https:\/\/www.robertoromagosa.com\/es\/wp-json\/wp\/v2\/pages\/23","targetHints":{"allow":["GET"]}}],"collection":[{"href":"https:\/\/www.robertoromagosa.com\/es\/wp-json\/wp\/v2\/pages"}],"about":[{"href":"https:\/\/www.robertoromagosa.com\/es\/wp-json\/wp\/v2\/types\/page"}],"author":[{"embeddable":true,"href":"https:\/\/www.robertoromagosa.com\/es\/wp-json\/wp\/v2\/users\/1"}],"replies":[{"embeddable":true,"href":"https:\/\/www.robertoromagosa.com\/es\/wp-json\/wp\/v2\/comments?post=23"}],"version-history":[{"count":31,"href":"https:\/\/www.robertoromagosa.com\/es\/wp-json\/wp\/v2\/pages\/23\/revisions"}],"predecessor-version":[{"id":378,"href":"https:\/\/www.robertoromagosa.com\/es\/wp-json\/wp\/v2\/pages\/23\/revisions\/378"}],"up":[{"embeddable":true,"href":"https:\/\/www.robertoromagosa.com\/es\/wp-json\/wp\/v2\/pages\/7"}],"wp:attachment":[{"href":"https:\/\/www.robertoromagosa.com\/es\/wp-json\/wp\/v2\/media?parent=23"}],"curies":[{"name":"wp","href":"https:\/\/api.w.org\/{rel}","templated":true}]}}