{"id":146,"date":"2012-11-09T10:20:01","date_gmt":"2012-11-09T18:20:01","guid":{"rendered":"http:\/\/www.robertoromagosa.com\/?page_id=146"},"modified":"2013-02-08T09:22:14","modified_gmt":"2013-02-08T17:22:14","slug":"corporation-formation","status":"publish","type":"page","link":"https:\/\/www.robertoromagosa.com\/es\/services\/corporation-formation\/","title":{"rendered":"Formaci\u00f3n de Corporaciones"},"content":{"rendered":"<p>Las corporaciones son una excelente manera de organizar y dirigir una empresa peque\u00f1a, y m\u00e1s importante, proporcionan protecci\u00f3n de responsabilidad legal, para que el due\u00f1o de su negocio, est\u00e1n protegidos de las deudas, obligaciones y demandas de su negocio.<\/p>\n<p>La formaci\u00f3n de una corporaci\u00f3n puede darle la tranquilidad que necesita para seguir adelante con su negocio en estos tiempos econ\u00f3micos turbulentos.<\/p>\n<p><strong>\u00bfQu\u00e9 entidad es adecuada para usted?<\/strong><\/p>\n<p>La estructura que el contribuyente elija para su negocio tiene un impacto de largo alcance, y, sin embargo, la mayor\u00eda de nuestros clientes corporativos nuevos no saben, en primer lugar y m\u00e1s importante, por qu\u00e9 se incorporaron, y,\u00a0 segundo pero no menos importante, \u00bfpor qu\u00e9 eligi\u00f3 esa entidad espec\u00edfica, y cu\u00e1les son sus ventajas y desventajas?<\/p>\n<p>Lo que se necesita es una respuesta bien pensada despu\u00e9s de una cuidadosa consideraci\u00f3n del cliente, el negocio y las implicaciones legales y fiscales.<\/p>\n<p>Vamos a preparar un cuadro comparativo y discutir las normas legales, de procedimiento y de impuestos ya que pertenecen a cada entidad.<\/p>\n<p><strong>Tributaci\u00f3n Corporativa<\/strong><\/p>\n<p><strong>\u00bfQui\u00e9n paga el impuesto?<\/strong><\/p>\n<p>Mientras que las LLC son creados y reconocidos por la ley estatal, a efectos fiscales, pueden someterse a imposici\u00f3n en un n\u00famero de maneras. Una LLC de un solo miembro se tiene en cuenta los efectos fiscales, a menos que la LLC elija pagar impuestos como una corporaci\u00f3n, y la siguiente pregunta es si va a ser una corporaci\u00f3n C o una corporaci\u00f3n S.<\/p>\n<p>&nbsp;<\/p>\n<p><strong>Bases Federal<\/strong><\/p>\n<ul>\n<li>Corporaciones S y las LLC flujos de ingresos a los accionistas.<\/li>\n<li>Corporaciones C pagan impuestos a tasas de graduados, pero los ingresos se pueden desplazar a los accionistas a trav\u00e9s de salarios razonables y planes de beneficios para empleados.<\/li>\n<\/ul>\n<p><strong>Bases California<\/strong><\/p>\n<ul>\n<li>Corporaciones S, de mayor impuesto m\u00ednimo de $ 800 o el 1,5% de los ingresos netos.<\/li>\n<li>Sociedad de responsabilidad limitada, el impuesto anual de $ 800 m\u00e1s la cuota anual de $ 0 a $ 11790.<\/li>\n<li>Corporaciones C, mayor de $ 800 o 8,84% de los ingresos netos, pero como en el ingreso base federal se puede desplazar a los accionistas.<\/li>\n<\/ul>\n<p><strong>Bases y situaciones de riesgo<\/strong><\/p>\n<ul>\n<li>Pr\u00e9stamos de accionistas de Corporaci\u00f3n garantizados no aumentan base.<\/li>\n<li>Deducibilidad de los accionistas de las corporaciones S negocio pierde se limitan a la base<\/li>\n<\/ul>\n<p><strong>Deducibles de impuestos los beneficios marginales<\/strong><\/p>\n<ul>\n<li>Deducidas del C Corporation y los ingresos no gravables para el propietario (no incluido en el formulario W2 del propietario).<\/li>\n<\/ul>\n<p><strong>Legal y Procesal<\/strong><\/p>\n<p><strong>Etapas del Proceso de Incorporaci\u00f3n<\/strong><\/p>\n<ul>\n<li>Autorizaci\u00f3n preliminar nombre de la corporaci\u00f3n.<\/li>\n<li>Presentaci\u00f3n de los art\u00edculos<\/li>\n<li>Preparar Estatutos Sociales (incluye disposiciones que protegen a los directores y funcionarios de los pasivos)<\/li>\n<li>Preparar\u00e1 un acta de la primera reuni\u00f3n del Consejo de Administraci\u00f3n<\/li>\n<li>Reembolso M\u00e9dico y Dental Plan<\/li>\n<li>\u00bfQui\u00e9nes son los propietarios.<\/li>\n<li>Acciones emitir certificados.<\/li>\n<li>Preparar y presentar el Formulario de Aviso de Operaci\u00f3n.<\/li>\n<li>Preparar las cartas de representaci\u00f3n de accionistas.<\/li>\n<\/ul>\n<p><strong>Despu\u00e9s de incorporar<\/strong><\/p>\n<ul>\n<li>Capitalizaci\u00f3n<\/li>\n<li>Apertura de Cuentas Bancarias<\/li>\n<li>Archivo Declaraci\u00f3n anual de informaci\u00f3n<\/li>\n<li>Adoptar un Accionista Compra-Venta Acuerdo<\/li>\n<\/ul>\n<p><strong>La incorporaci\u00f3n y existente de negocio<\/strong><\/p>\n<ul>\n<li>La transferencia de activos y pasivos a cambio de acciones. (Esta transferencia se considera una venta con regularidad, por lo tanto, una operaci\u00f3n imponible)<\/li>\n<li>Tax-Free transacci\u00f3n en virtud del art\u00edculo 351. (Archivo trabajos finales de negocios previa)<\/li>\n<\/ul>\n<p><\/p>","protected":false},"excerpt":{"rendered":"<p>Las corporaciones son una excelente manera de organizar y dirigir una empresa peque\u00f1a, y m\u00e1s importante, proporcionan protecci\u00f3n de responsabilidad legal, para que el due\u00f1o de su negocio, est\u00e1n protegidos de las deudas, obligaciones y demandas de su negocio. La formaci\u00f3n de una corporaci\u00f3n puede darle la tranquilidad que necesita para seguir adelante con su [&hellip;]<\/p>\n","protected":false},"author":2,"featured_media":0,"parent":7,"menu_order":1,"comment_status":"closed","ping_status":"closed","template":"","meta":{"footnotes":""},"class_list":["post-146","page","type-page","status-publish","hentry"],"jetpack_sharing_enabled":true,"_links":{"self":[{"href":"https:\/\/www.robertoromagosa.com\/es\/wp-json\/wp\/v2\/pages\/146","targetHints":{"allow":["GET"]}}],"collection":[{"href":"https:\/\/www.robertoromagosa.com\/es\/wp-json\/wp\/v2\/pages"}],"about":[{"href":"https:\/\/www.robertoromagosa.com\/es\/wp-json\/wp\/v2\/types\/page"}],"author":[{"embeddable":true,"href":"https:\/\/www.robertoromagosa.com\/es\/wp-json\/wp\/v2\/users\/2"}],"replies":[{"embeddable":true,"href":"https:\/\/www.robertoromagosa.com\/es\/wp-json\/wp\/v2\/comments?post=146"}],"version-history":[{"count":21,"href":"https:\/\/www.robertoromagosa.com\/es\/wp-json\/wp\/v2\/pages\/146\/revisions"}],"predecessor-version":[{"id":149,"href":"https:\/\/www.robertoromagosa.com\/es\/wp-json\/wp\/v2\/pages\/146\/revisions\/149"}],"up":[{"embeddable":true,"href":"https:\/\/www.robertoromagosa.com\/es\/wp-json\/wp\/v2\/pages\/7"}],"wp:attachment":[{"href":"https:\/\/www.robertoromagosa.com\/es\/wp-json\/wp\/v2\/media?parent=146"}],"curies":[{"name":"wp","href":"https:\/\/api.w.org\/{rel}","templated":true}]}}