{"id":32,"date":"2012-10-25T18:05:53","date_gmt":"2012-10-26T01:05:53","guid":{"rendered":"http:\/\/www.robertoromagosa.com\/?page_id=32"},"modified":"2013-01-26T12:02:56","modified_gmt":"2013-01-26T20:02:56","slug":"business-valuations","status":"publish","type":"page","link":"http:\/\/www.robertoromagosa.com\/es\/services\/business-valuations\/","title":{"rendered":"Tasaci\u00f3n de Negocios"},"content":{"rendered":"<p><\/p>\n<p><strong>Tasaci\u00f3n y Valoraci\u00f3n<\/strong><\/p>\n<p><strong><\/strong>Aunque a menudo se utilizan como sin\u00f3nimos, los t\u00e9rminos de fijaci\u00f3n de precios y la valoraci\u00f3n o evaluaci\u00f3n previa, en la pr\u00e1ctica significa dos cosas totalmente diferentes.<\/p>\n<p>En pocas palabras, el valor es lo que algo vale la pena, el precio es lo que alguien va a pagar por ello.<\/p>\n<p><strong>SERVICIOS A EMPRESAS DE VALORACI\u00d3N<\/strong><\/p>\n<p><strong>CONSULTA CON SU ABOGADO<\/strong><\/p>\n<ul>\n<li>No todas las evaluaciones concluir\u00e1 con un informe descriptivo costoso.<\/li>\n<li>La mayor parte de los casos peque\u00f1os (divorcios, los desacuerdos de asociaci\u00f3n, etc), no se acaban en los tribunales, ambas partes suelen negociar el valor de la empresa en cuesti\u00f3n.<\/li>\n<li>Vamos a trabajar con su abogado en sus negociaciones con las demandas de la otra parte.<\/li>\n<\/ul>\n<p><strong>Informes de valoraci\u00f3n<\/strong><\/p>\n<ul>\n<li>Informes narrativos.<\/li>\n<li>Informes breves<\/li>\n<\/ul>\n<p>En los casos m\u00e1s peque\u00f1os los libros no reflejan la verdadera situaci\u00f3n financiera de la empresa debido a ingresos no declarados y los gastos personales oculto dentro de las operaciones del negocio.<\/p>\n<p>En estos casos, el evaluador tiene la tarea m\u00e1s dif\u00edcil para llegar a un valor de mercado de la Feria de la empresa, pero, vamos a utilizar los m\u00e9todos forenses disponibles para nosotros, como an\u00e1lisis de Cash, entre otros, para obtener el valor correcto.<\/p>\n<p><strong>TIPO DE NEGOCIO<\/strong><\/p>\n<ul>\n<li>Venta al por menor<\/li>\n<li>Venta al por mayor<\/li>\n<li>Fabricaci\u00f3n<\/li>\n<li>Servicio<\/li>\n<\/ul>\n<p><strong>\u00bfQu\u00e9 producto es el negocio de hacer o venta, o servicio?<\/strong><\/p>\n<p>Cada una de estas empresas se necesitan diferentes tipos de an\u00e1lisis, y utilizar distintos tipos de enfoques y m\u00e9todos de valoraci\u00f3n, incluyendo el c\u00e1lculo del fondo de comercio.<strong><\/strong><\/p>\n<p><strong>ESTRUCTURA INTERNA<\/strong><\/p>\n<ul>\n<li>Antecedentes de la empresa e Historia.<\/li>\n<li>Operaciones.<\/li>\n<li>Gesti\u00f3n.<\/li>\n<\/ul>\n<p><strong>UBICACI\u00d3N<\/strong><\/p>\n<ul>\n<li>Arriendo.<\/li>\n<li>Competencia.<\/li>\n<\/ul>\n<p><strong>AN\u00c1LISIS FINANCIERO<\/strong><\/p>\n<ul>\n<li>Control Interno.<\/li>\n<li>An\u00e1lisis Comparativo.<\/li>\n<\/ul>\n<p><strong>EXPECTATIVAS DE FUTURO<\/strong><\/p>\n<ul>\n<li>Previsi\u00f3n de las futuras operaciones<\/li>\n<\/ul>\n<p><strong>VENTA DE ESTAD\u00cdSTICAS DE LAS EMPRESAS<\/strong><\/p>\n<ul>\n<li>Investigaci\u00f3n de Mercado<\/li>\n<\/ul>\n<p><strong>JUSTIFICACI\u00d3N DE LA PRUEBA DE COMPRA<\/strong><\/p>\n<p><strong><\/strong>Esto proporcionar\u00e1 un medio para probar la razonabilidad de una estimaci\u00f3n del valor que se ha llegado por uno o m\u00e1s de los m\u00e9todos de valoraci\u00f3n reconocidos.<\/p>\n<p>Adem\u00e1s, la aplicaci\u00f3n m\u00e1s importante ser\u00e1 en la determinaci\u00f3n del \u00abprecio de venta\u00bb propuesta de la empresa. \u00bfEs esta una medida econ\u00f3micamente viable?, \u00bfSe paga por s\u00ed mismo en un per\u00edodo de tiempo razonable<\/p>\n<p><\/p>","protected":false},"excerpt":{"rendered":"<p>Tasaci\u00f3n y Valoraci\u00f3n Aunque a menudo se utilizan como sin\u00f3nimos, los t\u00e9rminos de fijaci\u00f3n de precios y la valoraci\u00f3n o evaluaci\u00f3n previa, en la pr\u00e1ctica significa dos cosas totalmente diferentes. En pocas palabras, el valor es lo que algo vale la pena, el precio es lo que alguien va a pagar por ello. SERVICIOS A [&hellip;]<\/p>\n","protected":false},"author":1,"featured_media":0,"parent":7,"menu_order":4,"comment_status":"closed","ping_status":"closed","template":"sidebar-page.php","meta":{"footnotes":""},"class_list":["post-32","page","type-page","status-publish","hentry"],"jetpack_sharing_enabled":true,"_links":{"self":[{"href":"http:\/\/www.robertoromagosa.com\/es\/wp-json\/wp\/v2\/pages\/32","targetHints":{"allow":["GET"]}}],"collection":[{"href":"http:\/\/www.robertoromagosa.com\/es\/wp-json\/wp\/v2\/pages"}],"about":[{"href":"http:\/\/www.robertoromagosa.com\/es\/wp-json\/wp\/v2\/types\/page"}],"author":[{"embeddable":true,"href":"http:\/\/www.robertoromagosa.com\/es\/wp-json\/wp\/v2\/users\/1"}],"replies":[{"embeddable":true,"href":"http:\/\/www.robertoromagosa.com\/es\/wp-json\/wp\/v2\/comments?post=32"}],"version-history":[{"count":17,"href":"http:\/\/www.robertoromagosa.com\/es\/wp-json\/wp\/v2\/pages\/32\/revisions"}],"predecessor-version":[{"id":60,"href":"http:\/\/www.robertoromagosa.com\/es\/wp-json\/wp\/v2\/pages\/32\/revisions\/60"}],"up":[{"embeddable":true,"href":"http:\/\/www.robertoromagosa.com\/es\/wp-json\/wp\/v2\/pages\/7"}],"wp:attachment":[{"href":"http:\/\/www.robertoromagosa.com\/es\/wp-json\/wp\/v2\/media?parent=32"}],"curies":[{"name":"wp","href":"https:\/\/api.w.org\/{rel}","templated":true}]}}